{"id":4297,"date":"2018-10-18T15:17:44","date_gmt":"2018-10-18T15:17:44","guid":{"rendered":"https:\/\/fotograficus.com\/home\/"},"modified":"2022-10-28T16:52:14","modified_gmt":"2022-10-28T16:52:14","slug":"home","status":"publish","type":"page","link":"https:\/\/fotograficus.com\/es\/","title":{"rendered":"HOME"},"content":{"rendered":"<div id='av-layout-grid-1'  class='av-layout-grid-container av-jnefv2oc-92820222e5103b86a36f8d78954ebf77 entry-content-wrapper main_color av-border-top-bottom av-flex-cells  avia-builder-el-0  avia-builder-el-no-sibling  av-cell-min-height av-cell-min-height-100  container_wrap fullsize'   data-av_minimum_height_pc='100'>\n\n<style type=\"text\/css\" data-created_by=\"avia_inline_auto\" id=\"style-css-av-jnefuf13-14c6d159296a56e098bae05f519210f3\">\n.flex_cell.av-jnefuf13-14c6d159296a56e098bae05f519210f3{\nvertical-align:top;\n}\n.responsive #top #wrap_all .flex_cell.av-jnefuf13-14c6d159296a56e098bae05f519210f3{\npadding:0px 0px 0px 0px !important;\n}\n<\/style>\n<div class='flex_cell av-jnefuf13-14c6d159296a56e098bae05f519210f3 av-gridrow-cell av_one_half no_margin  avia-builder-el-1  el_before_av_cell_one_half  avia-builder-el-first  content-align-top av-zero-padding'  ><div class='flex_cell_inner'>\n<style type=\"text\/css\" data-created_by=\"avia_inline_auto\" id=\"style-css-av-jnefvjc5-11402260892849ccc47579d7cd9393f4\">\n.avia-image-container.av-jnefvjc5-11402260892849ccc47579d7cd9393f4 img.avia_image{\nbox-shadow:none;\n}\n.avia-image-container.av-jnefvjc5-11402260892849ccc47579d7cd9393f4 .av-caption-image-overlay-bg{\nopacity:0.1;\nbackground-color:#ffffff;\n}\n.avia-image-container.av-jnefvjc5-11402260892849ccc47579d7cd9393f4 .av-image-caption-overlay-center{\ncolor:#ffffff;\nfont-size:40px;\n}\n<\/style>\n<div  class='avia-image-container av-jnefvjc5-11402260892849ccc47579d7cd9393f4 av-styling- av-hover-grow av-hide-overflow av-img-linked avia_animated_image av-animated-when-visible-95 bottom-to-top avia-align-right  avia-builder-el-2  avia-builder-el-no-sibling  noHover av-overlay-on-hover'   itemprop=\"image\" itemscope=\"itemscope\" itemtype=\"https:\/\/schema.org\/ImageObject\" ><div class=\"avia-image-container-inner\"><div class=\"avia-image-overlay-wrap\"><a href=\"https:\/\/fotograficus.com\/es\/imagen\/\" class='avia_image '  aria-label='171'><div class=\"av-image-caption-overlay\"><div class=\"av-caption-image-overlay-bg\"><\/div><div class=\"av-image-caption-overlay-position\"><div class=\"av-image-caption-overlay-center\"><p>FOTOGRAF\u00cdA<\/p>\n<\/div><\/div><\/div><img decoding=\"async\" fetchpriority=\"high\" class='wp-image-3695 avia-img-lazy-loading-not-3695 avia_image ' src=\"https:\/\/fotograficus.com\/wp-content\/uploads\/2016\/01\/171.jpg\" alt='' title='171'  height=\"699\" width=\"700\"  itemprop=\"thumbnailUrl\" srcset=\"https:\/\/fotograficus.com\/wp-content\/uploads\/2016\/01\/171.jpg 700w, https:\/\/fotograficus.com\/wp-content\/uploads\/2016\/01\/171-80x80.jpg 80w, https:\/\/fotograficus.com\/wp-content\/uploads\/2016\/01\/171-300x300.jpg 300w, https:\/\/fotograficus.com\/wp-content\/uploads\/2016\/01\/171-36x36.jpg 36w, https:\/\/fotograficus.com\/wp-content\/uploads\/2016\/01\/171-180x180.jpg 180w, https:\/\/fotograficus.com\/wp-content\/uploads\/2016\/01\/171-120x120.jpg 120w, https:\/\/fotograficus.com\/wp-content\/uploads\/2016\/01\/171-450x449.jpg 450w\" sizes=\"(max-width: 700px) 100vw, 700px\" \/><\/a><\/div><\/div><\/div>\n<\/div><\/div>\n<style type=\"text\/css\" data-created_by=\"avia_inline_auto\" id=\"style-css-av-jnefun7t-5d17fb063afafd1b2d403f7fb5d7a09c\">\n.flex_cell.av-jnefun7t-5d17fb063afafd1b2d403f7fb5d7a09c{\nvertical-align:top;\n}\n.responsive #top #wrap_all .flex_cell.av-jnefun7t-5d17fb063afafd1b2d403f7fb5d7a09c{\npadding:0px 0px 0px 0px !important;\n}\n<\/style>\n<div class='flex_cell av-jnefun7t-5d17fb063afafd1b2d403f7fb5d7a09c av-gridrow-cell av_one_half no_margin  avia-builder-el-3  el_after_av_cell_one_half  avia-builder-el-last  content-align-top av-zero-padding'  ><div class='flex_cell_inner'>\n<style type=\"text\/css\" data-created_by=\"avia_inline_auto\" id=\"style-css-av-jnefvwlk-0efa972b19fe32a0ce9c7701753267fa\">\n.avia-image-container.av-jnefvwlk-0efa972b19fe32a0ce9c7701753267fa img.avia_image{\nbox-shadow:none;\n}\n.avia-image-container.av-jnefvwlk-0efa972b19fe32a0ce9c7701753267fa .av-caption-image-overlay-bg{\nopacity:0.1;\nbackground-color:#ffffff;\n}\n.avia-image-container.av-jnefvwlk-0efa972b19fe32a0ce9c7701753267fa .av-image-caption-overlay-center{\ncolor:#ffffff;\nfont-size:40px;\n}\n<\/style>\n<div  class='avia-image-container av-jnefvwlk-0efa972b19fe32a0ce9c7701753267fa av-styling- av-hover-grow av-hide-overflow av-img-linked avia_animated_image av-animated-when-visible-95 top-to-bottom avia-align-left  avia-builder-el-4  avia-builder-el-no-sibling  noHover av-overlay-on-hover'   itemprop=\"image\" itemscope=\"itemscope\" itemtype=\"https:\/\/schema.org\/ImageObject\" ><div class=\"avia-image-container-inner\"><div class=\"avia-image-overlay-wrap\"><a href=\"https:\/\/fotograficus.com\/es\/nueva\/\" class='avia_image '  aria-label='portada'><div class=\"av-image-caption-overlay\"><div class=\"av-caption-image-overlay-bg\"><\/div><div class=\"av-image-caption-overlay-position\"><div class=\"av-image-caption-overlay-center\"><p>WEB Y TIENDAS ONLINE<\/p>\n<\/div><\/div><\/div><img decoding=\"async\" fetchpriority=\"high\" class='wp-image-4126 avia-img-lazy-loading-not-4126 avia_image ' src=\"https:\/\/fotograficus.com\/wp-content\/uploads\/2021\/06\/portada-1.jpg\" alt='' title='portada'  height=\"819\" width=\"819\"  itemprop=\"thumbnailUrl\" srcset=\"https:\/\/fotograficus.com\/wp-content\/uploads\/2021\/06\/portada-1.jpg 819w, https:\/\/fotograficus.com\/wp-content\/uploads\/2021\/06\/portada-1-300x300.jpg 300w, https:\/\/fotograficus.com\/wp-content\/uploads\/2021\/06\/portada-1-80x80.jpg 80w, https:\/\/fotograficus.com\/wp-content\/uploads\/2021\/06\/portada-1-768x768.jpg 768w, https:\/\/fotograficus.com\/wp-content\/uploads\/2021\/06\/portada-1-36x36.jpg 36w, https:\/\/fotograficus.com\/wp-content\/uploads\/2021\/06\/portada-1-180x180.jpg 180w, https:\/\/fotograficus.com\/wp-content\/uploads\/2021\/06\/portada-1-705x705.jpg 705w\" sizes=\"(max-width: 819px) 100vw, 819px\" \/><\/a><\/div><\/div><\/div>\n<\/div><\/div><\/div>\n","protected":false},"excerpt":{"rendered":"","protected":false},"author":1,"featured_media":0,"parent":0,"menu_order":0,"comment_status":"closed","ping_status":"closed","template":"","meta":{"footnotes":""},"class_list":["post-4297","page","type-page","status-publish","hentry"],"yoast_head":"<!-- This site is optimized with the Yoast SEO Premium plugin v22.8 (Yoast SEO v27.2) - https:\/\/yoast.com\/product\/yoast-seo-premium-wordpress\/ -->\n<title>FOTOGRAFICUS Fotograf\u00eda, tiendas online y dise\u00f1o web<\/title>\n<meta name=\"description\" content=\"Fotograf\u00eda, tiendas online y dise\u00f1o web. Reportajes de arquitectura, artes esc\u00e9nicas, eventos, retrato, producto. Webs corporativas y landing pages.\" \/>\n<meta name=\"robots\" content=\"index, follow, max-snippet:-1, max-image-preview:large, max-video-preview:-1\" \/>\n<link rel=\"canonical\" href=\"https:\/\/fotograficus.com\/es\/\" \/>\n<meta property=\"og:locale\" content=\"es_ES\" \/>\n<meta property=\"og:type\" content=\"article\" \/>\n<meta property=\"og:title\" content=\"HOME\" \/>\n<meta property=\"og:description\" content=\"Fotograf\u00eda, tiendas online y dise\u00f1o web. Reportajes de arquitectura, artes esc\u00e9nicas, eventos, retrato, producto. Webs corporativas y landing pages.\" \/>\n<meta property=\"og:url\" content=\"https:\/\/fotograficus.com\/es\/\" \/>\n<meta property=\"og:site_name\" content=\"FOTOGRAFICUS\" \/>\n<meta property=\"article:publisher\" content=\"https:\/\/www.facebook.com\/fotograficus\" \/>\n<meta property=\"article:modified_time\" content=\"2022-10-28T16:52:14+00:00\" \/>\n<meta name=\"twitter:card\" content=\"summary_large_image\" \/>\n<meta name=\"twitter:site\" content=\"@XFotograficus\" \/>\n<meta name=\"twitter:label1\" content=\"Tiempo de lectura\" \/>\n\t<meta name=\"twitter:data1\" content=\"2 minutos\" \/>\n<script type=\"application\/ld+json\" class=\"yoast-schema-graph\">{\"@context\":\"https:\/\/schema.org\",\"@graph\":[{\"@type\":\"WebPage\",\"@id\":\"https:\/\/fotograficus.com\/es\/\",\"url\":\"https:\/\/fotograficus.com\/es\/\",\"name\":\"FOTOGRAFICUS Fotograf\u00eda, tiendas online y dise\u00f1o web\",\"isPartOf\":{\"@id\":\"https:\/\/fotograficus.com\/#website\"},\"datePublished\":\"2018-10-18T15:17:44+00:00\",\"dateModified\":\"2022-10-28T16:52:14+00:00\",\"description\":\"Fotograf\u00eda, tiendas online y dise\u00f1o web. Reportajes de arquitectura, artes esc\u00e9nicas, eventos, retrato, producto. Webs corporativas y landing pages.\",\"breadcrumb\":{\"@id\":\"https:\/\/fotograficus.com\/es\/#breadcrumb\"},\"inLanguage\":\"es\",\"potentialAction\":[{\"@type\":\"ReadAction\",\"target\":[\"https:\/\/fotograficus.com\/es\/\"]}]},{\"@type\":\"BreadcrumbList\",\"@id\":\"https:\/\/fotograficus.com\/es\/#breadcrumb\",\"itemListElement\":[{\"@type\":\"ListItem\",\"position\":1,\"name\":\"Inici\",\"item\":\"https:\/\/fotograficus.com\/es\/\"},{\"@type\":\"ListItem\",\"position\":2,\"name\":\"HOME\"}]},{\"@type\":\"WebSite\",\"@id\":\"https:\/\/fotograficus.com\/#website\",\"url\":\"https:\/\/fotograficus.com\/\",\"name\":\"FOTOGRAFICUS\",\"description\":\"Fotograf\u00eda i dise\u00f1o web\",\"potentialAction\":[{\"@type\":\"SearchAction\",\"target\":{\"@type\":\"EntryPoint\",\"urlTemplate\":\"https:\/\/fotograficus.com\/?s={search_term_string}\"},\"query-input\":{\"@type\":\"PropertyValueSpecification\",\"valueRequired\":true,\"valueName\":\"search_term_string\"}}],\"inLanguage\":\"es\"}]}<\/script>\n<!-- \/ Yoast SEO Premium plugin. -->","yoast_head_json":{"title":"FOTOGRAFICUS Fotograf\u00eda, tiendas online y dise\u00f1o web","description":"Fotograf\u00eda, tiendas online y dise\u00f1o web. Reportajes de arquitectura, artes esc\u00e9nicas, eventos, retrato, producto. Webs corporativas y landing pages.","robots":{"index":"index","follow":"follow","max-snippet":"max-snippet:-1","max-image-preview":"max-image-preview:large","max-video-preview":"max-video-preview:-1"},"canonical":"https:\/\/fotograficus.com\/es\/","og_locale":"es_ES","og_type":"article","og_title":"HOME","og_description":"Fotograf\u00eda, tiendas online y dise\u00f1o web. Reportajes de arquitectura, artes esc\u00e9nicas, eventos, retrato, producto. Webs corporativas y landing pages.","og_url":"https:\/\/fotograficus.com\/es\/","og_site_name":"FOTOGRAFICUS","article_publisher":"https:\/\/www.facebook.com\/fotograficus","article_modified_time":"2022-10-28T16:52:14+00:00","twitter_card":"summary_large_image","twitter_site":"@XFotograficus","twitter_misc":{"Tiempo de lectura":"2 minutos"},"schema":{"@context":"https:\/\/schema.org","@graph":[{"@type":"WebPage","@id":"https:\/\/fotograficus.com\/es\/","url":"https:\/\/fotograficus.com\/es\/","name":"FOTOGRAFICUS Fotograf\u00eda, tiendas online y dise\u00f1o web","isPartOf":{"@id":"https:\/\/fotograficus.com\/#website"},"datePublished":"2018-10-18T15:17:44+00:00","dateModified":"2022-10-28T16:52:14+00:00","description":"Fotograf\u00eda, tiendas online y dise\u00f1o web. Reportajes de arquitectura, artes esc\u00e9nicas, eventos, retrato, producto. Webs corporativas y landing pages.","breadcrumb":{"@id":"https:\/\/fotograficus.com\/es\/#breadcrumb"},"inLanguage":"es","potentialAction":[{"@type":"ReadAction","target":["https:\/\/fotograficus.com\/es\/"]}]},{"@type":"BreadcrumbList","@id":"https:\/\/fotograficus.com\/es\/#breadcrumb","itemListElement":[{"@type":"ListItem","position":1,"name":"Inici","item":"https:\/\/fotograficus.com\/es\/"},{"@type":"ListItem","position":2,"name":"HOME"}]},{"@type":"WebSite","@id":"https:\/\/fotograficus.com\/#website","url":"https:\/\/fotograficus.com\/","name":"FOTOGRAFICUS","description":"Fotograf\u00eda i dise\u00f1o web","potentialAction":[{"@type":"SearchAction","target":{"@type":"EntryPoint","urlTemplate":"https:\/\/fotograficus.com\/?s={search_term_string}"},"query-input":{"@type":"PropertyValueSpecification","valueRequired":true,"valueName":"search_term_string"}}],"inLanguage":"es"}]}},"_links":{"self":[{"href":"https:\/\/fotograficus.com\/es\/wp-json\/wp\/v2\/pages\/4297","targetHints":{"allow":["GET"]}}],"collection":[{"href":"https:\/\/fotograficus.com\/es\/wp-json\/wp\/v2\/pages"}],"about":[{"href":"https:\/\/fotograficus.com\/es\/wp-json\/wp\/v2\/types\/page"}],"author":[{"embeddable":true,"href":"https:\/\/fotograficus.com\/es\/wp-json\/wp\/v2\/users\/1"}],"replies":[{"embeddable":true,"href":"https:\/\/fotograficus.com\/es\/wp-json\/wp\/v2\/comments?post=4297"}],"version-history":[{"count":5,"href":"https:\/\/fotograficus.com\/es\/wp-json\/wp\/v2\/pages\/4297\/revisions"}],"predecessor-version":[{"id":4393,"href":"https:\/\/fotograficus.com\/es\/wp-json\/wp\/v2\/pages\/4297\/revisions\/4393"}],"wp:attachment":[{"href":"https:\/\/fotograficus.com\/es\/wp-json\/wp\/v2\/media?parent=4297"}],"curies":[{"name":"wp","href":"https:\/\/api.w.org\/{rel}","templated":true}]}}