{"id":4307,"date":"2015-09-23T08:00:05","date_gmt":"2015-09-23T08:00:05","guid":{"rendered":"https:\/\/fotograficus.com\/contacto\/"},"modified":"2022-10-28T14:58:55","modified_gmt":"2022-10-28T14:58:55","slug":"contacto","status":"publish","type":"page","link":"https:\/\/fotograficus.com\/es\/contacto\/","title":{"rendered":"Contacto"},"content":{"rendered":"\n<style type=\"text\/css\" data-created_by=\"avia_inline_auto\" id=\"style-css-av-7mrdm-2c16c69e9dc6ffd7dc6211b4dee000b5\">\n.avia-section.av-7mrdm-2c16c69e9dc6ffd7dc6211b4dee000b5{\nbackground-color:#5d6875;\nbackground-image:unset;\n}\n.avia-section.av-7mrdm-2c16c69e9dc6ffd7dc6211b4dee000b5 .av-extra-border-element .av-extra-border-inner{\nbackground-color:#5d6875;\n}\n<\/style>\n<div id='av_section_1'  class='avia-section av-7mrdm-2c16c69e9dc6ffd7dc6211b4dee000b5 main_color avia-section-default avia-no-border-styling  avia-builder-el-0  el_before_av_google_map  avia-builder-el-first  avia-bg-style-scroll av-arrow-down-section container_wrap fullsize'  ><div class='container av-section-cont-open' ><main  role=\"main\" itemprop=\"mainContentOfPage\"  class='template-page content  av-content-full alpha units'><div class='post-entry post-entry-type-page post-entry-4307'><div class='entry-content-wrapper clearfix'>\n\n<style type=\"text\/css\" data-created_by=\"avia_inline_auto\" id=\"style-css-av-6zdxy-dce2c60976b047f6af69285cb4019008\">\n.flex_column.av-6zdxy-dce2c60976b047f6af69285cb4019008{\nborder-radius:0px 0px 0px 0px;\npadding:0px 0px 0px 0px;\n}\n<\/style>\n<div  class='flex_column av-6zdxy-dce2c60976b047f6af69285cb4019008 av_two_third  avia-builder-el-1  el_before_av_one_third  avia-builder-el-first  first flex_column_div av-zero-column-padding  '     ><p><form action=\"https:\/\/fotograficus.com\/es\/contacto\/\" method=\"post\" data-fields-with-error=\"Found errors in the following field(s):\" class=\"avia_ajax_form av-form-labels-hidden   avia-builder-el-2  el_before_av_textblock  avia-builder-el-first  av-custom-form-color av-light-form \" data-avia-form-id=\"1\" data-avia-redirect='' ><h3 class=''>Env\u00edanos un correo<\/h3><fieldset><p class='  first_form  form_element form_fullwidth' id='element_avia_1_1'><label for=\"avia_1_1\">Nombre <abbr class=\"required\" title=\"requerido\">*<\/abbr><\/label> <input name=\"avia_1_1\" class=\"text_input is_empty\" type=\"text\" id=\"avia_1_1\" value=\"\"  placeholder='Nombre*'\/><\/p><p class='  first_form  form_element form_fullwidth' id='element_avia_2_1'><label for=\"avia_2_1\">E-Mail <abbr class=\"required\" title=\"requerido\">*<\/abbr><\/label> <input name=\"avia_2_1\" class=\"text_input is_email\" type=\"text\" id=\"avia_2_1\" value=\"\"  placeholder='E-Mail*'\/><\/p><p class='  first_form  form_element form_fullwidth av-last-visible-form-element' id='element_avia_3_1'><label for=\"avia_3_1\">Mensaje <abbr class=\"required\" title=\"requerido\">*<\/abbr><\/label> <input name=\"avia_3_1\" class=\"text_input is_empty\" type=\"text\" id=\"avia_3_1\" value=\"\"  placeholder='Mensaje*'\/><\/p><p class=\"hidden\"><input type=\"text\" name=\"avia_4_1\" class=\"hidden \" id=\"avia_4_1\" value=\"\" \/><\/p><p class=\"form_element \"><input type=\"hidden\" value=\"1\" name=\"avia_generated_form1\" \/><input type=\"submit\" value=\"Enviar\" class=\"button\"  data-sending-label=\"Enviando\"\/><\/p><\/fieldset><\/form><div id=\"ajaxresponse_1\" class=\"ajaxresponse ajaxresponse_1 hidden\"><\/div><br \/>\n\n<style type=\"text\/css\" data-created_by=\"avia_inline_auto\" id=\"style-css-av-jnfvjquz-fda87248ae179d4d0cf998260c8ccd43\">\n#top .av_textblock_section.av-jnfvjquz-fda87248ae179d4d0cf998260c8ccd43 .avia_textblock{\ncolor:#ffffff;\n}\n<\/style>\n<section  class='av_textblock_section av-jnfvjquz-fda87248ae179d4d0cf998260c8ccd43 '   itemscope=\"itemscope\" itemtype=\"https:\/\/schema.org\/CreativeWork\" ><div class='avia_textblock av_inherit_color'  itemprop=\"text\" ><p>Los datos que nos facilite s\u00f3lo se utilizar\u00e1n para dar respuesta a su consulta y no se utilizar\u00e1n para enviar publicidad. Aqu\u00ed tiene la pol\u00edtica de privacidad <a href=\"https:\/\/fotograficus.com\/ca\/proteccio-de-dades\/\" target=\"_blank\" rel=\"noopener\">enlace<\/a><\/p>\n<\/div><\/section><\/p><\/div>\n<style type=\"text\/css\" data-created_by=\"avia_inline_auto\" id=\"style-css-av-39tx2-f542b9dd86d2081ed4268c22be586a22\">\n.flex_column.av-39tx2-f542b9dd86d2081ed4268c22be586a22{\nborder-radius:0px 0px 0px 0px;\npadding:0px 0px 0px 0px;\n}\n<\/style>\n<div  class='flex_column av-39tx2-f542b9dd86d2081ed4268c22be586a22 av_one_third  avia-builder-el-4  el_after_av_two_third  avia-builder-el-last  flex_column_div av-zero-column-padding  '     ><p>\n<style type=\"text\/css\" data-created_by=\"avia_inline_auto\" id=\"style-css-av-92eq-7095d28e19432a327bc7d8746c92e0cf\">\n#top .hr.hr-invisible.av-92eq-7095d28e19432a327bc7d8746c92e0cf{\nheight:10px;\n}\n<\/style>\n<div  class='hr av-92eq-7095d28e19432a327bc7d8746c92e0cf hr-invisible  avia-builder-el-5  el_before_av_textblock  avia-builder-el-first '><span class='hr-inner '><span class=\"hr-inner-style\"><\/span><\/span><\/div><br \/>\n\n<style type=\"text\/css\" data-created_by=\"avia_inline_auto\" id=\"style-css-av-1wk8a-96de8aac3ef484ad761bbdf825ee2108\">\n#top .av_textblock_section.av-1wk8a-96de8aac3ef484ad761bbdf825ee2108 .avia_textblock{\ncolor:#000000;\n}\n<\/style>\n<section  class='av_textblock_section av-1wk8a-96de8aac3ef484ad761bbdf825ee2108 '   itemscope=\"itemscope\" itemtype=\"https:\/\/schema.org\/CreativeWork\" ><div class='avia_textblock av_inherit_color'  itemprop=\"text\" ><h3>Xavier Sanfulgencio<\/h3>\n<p><a href=\"mailto:inf@fotograficus.com\">inf@fotograficus.com<\/a><\/p>\n<p>Tel\u00e9fono 667772356<\/p>\n<\/div><\/section><\/p><\/div><div  class='av_gmaps_sc_main_wrap av_gmaps_main_wrap '><div id='av_gmap_0' class='avia-google-map-container avia-google-map-sc av_gmaps_show_unconditionally av-no-fallback-img ' data-mapid='av_gmap_0'  style='height: 400px;'><a class=\"av_gmaps_browser_disabled av_text_confirm_link av_text_confirm_link_visible\" href=\"https:\/\/www.google.com\/maps\/search\/?api=1&#038;query=Roser%20%20Sant%20Joan%20de%20les%20Abadesses%20%20Espa\u00f1a\" target=\"_blank\">Maps were disabled by the visitor on this site. Click to open the map in a new window.<\/a><\/div><\/div><\/p>\n","protected":false},"excerpt":{"rendered":"","protected":false},"author":1,"featured_media":0,"parent":0,"menu_order":0,"comment_status":"open","ping_status":"open","template":"","meta":{"footnotes":""},"class_list":["post-4307","page","type-page","status-publish","hentry"],"yoast_head":"<!-- This site is optimized with the Yoast SEO Premium plugin v22.8 (Yoast SEO v27.2) - https:\/\/yoast.com\/product\/yoast-seo-premium-wordpress\/ -->\n<title>Contacto - FOTOGRAFICUS<\/title>\n<meta name=\"description\" content=\"Contacto con nosotros para recibir m\u00e1s informaci\u00f3n\" \/>\n<meta name=\"robots\" content=\"index, follow, max-snippet:-1, max-image-preview:large, max-video-preview:-1\" \/>\n<link rel=\"canonical\" href=\"https:\/\/fotograficus.com\/contacte\/\" \/>\n<meta property=\"og:locale\" content=\"es_ES\" \/>\n<meta property=\"og:type\" content=\"article\" \/>\n<meta property=\"og:title\" content=\"Contacto\" \/>\n<meta property=\"og:description\" content=\"Contacto con nosotros para recibir m\u00e1s informaci\u00f3n\" \/>\n<meta property=\"og:url\" content=\"https:\/\/fotograficus.com\/contacte\/\" \/>\n<meta property=\"og:site_name\" content=\"FOTOGRAFICUS\" \/>\n<meta property=\"article:publisher\" content=\"https:\/\/www.facebook.com\/fotograficus\" \/>\n<meta property=\"article:modified_time\" content=\"2022-10-28T14:58:55+00:00\" \/>\n<meta name=\"twitter:card\" content=\"summary_large_image\" \/>\n<meta name=\"twitter:site\" content=\"@XFotograficus\" \/>\n<meta name=\"twitter:label1\" content=\"Tiempo de lectura\" \/>\n\t<meta name=\"twitter:data1\" content=\"3 minutos\" \/>\n<script type=\"application\/ld+json\" class=\"yoast-schema-graph\">{\"@context\":\"https:\/\/schema.org\",\"@graph\":[{\"@type\":\"WebPage\",\"@id\":\"https:\/\/fotograficus.com\/contacte\/\",\"url\":\"https:\/\/fotograficus.com\/contacte\/\",\"name\":\"Contacto - FOTOGRAFICUS\",\"isPartOf\":{\"@id\":\"https:\/\/fotograficus.com\/#website\"},\"datePublished\":\"2015-09-23T08:00:05+00:00\",\"dateModified\":\"2022-10-28T14:58:55+00:00\",\"description\":\"Contacto con nosotros para recibir m\u00e1s informaci\u00f3n\",\"breadcrumb\":{\"@id\":\"https:\/\/fotograficus.com\/contacte\/#breadcrumb\"},\"inLanguage\":\"es\",\"potentialAction\":[{\"@type\":\"ReadAction\",\"target\":[\"https:\/\/fotograficus.com\/contacte\/\"]}]},{\"@type\":\"BreadcrumbList\",\"@id\":\"https:\/\/fotograficus.com\/contacte\/#breadcrumb\",\"itemListElement\":[{\"@type\":\"ListItem\",\"position\":1,\"name\":\"Inici\",\"item\":\"https:\/\/fotograficus.com\/es\/\"},{\"@type\":\"ListItem\",\"position\":2,\"name\":\"Contacto\"}]},{\"@type\":\"WebSite\",\"@id\":\"https:\/\/fotograficus.com\/#website\",\"url\":\"https:\/\/fotograficus.com\/\",\"name\":\"FOTOGRAFICUS\",\"description\":\"Fotograf\u00eda i dise\u00f1o web\",\"potentialAction\":[{\"@type\":\"SearchAction\",\"target\":{\"@type\":\"EntryPoint\",\"urlTemplate\":\"https:\/\/fotograficus.com\/?s={search_term_string}\"},\"query-input\":{\"@type\":\"PropertyValueSpecification\",\"valueRequired\":true,\"valueName\":\"search_term_string\"}}],\"inLanguage\":\"es\"}]}<\/script>\n<!-- \/ Yoast SEO Premium plugin. -->","yoast_head_json":{"title":"Contacto - FOTOGRAFICUS","description":"Contacto con nosotros para recibir m\u00e1s informaci\u00f3n","robots":{"index":"index","follow":"follow","max-snippet":"max-snippet:-1","max-image-preview":"max-image-preview:large","max-video-preview":"max-video-preview:-1"},"canonical":"https:\/\/fotograficus.com\/contacte\/","og_locale":"es_ES","og_type":"article","og_title":"Contacto","og_description":"Contacto con nosotros para recibir m\u00e1s informaci\u00f3n","og_url":"https:\/\/fotograficus.com\/contacte\/","og_site_name":"FOTOGRAFICUS","article_publisher":"https:\/\/www.facebook.com\/fotograficus","article_modified_time":"2022-10-28T14:58:55+00:00","twitter_card":"summary_large_image","twitter_site":"@XFotograficus","twitter_misc":{"Tiempo de lectura":"3 minutos"},"schema":{"@context":"https:\/\/schema.org","@graph":[{"@type":"WebPage","@id":"https:\/\/fotograficus.com\/contacte\/","url":"https:\/\/fotograficus.com\/contacte\/","name":"Contacto - FOTOGRAFICUS","isPartOf":{"@id":"https:\/\/fotograficus.com\/#website"},"datePublished":"2015-09-23T08:00:05+00:00","dateModified":"2022-10-28T14:58:55+00:00","description":"Contacto con nosotros para recibir m\u00e1s informaci\u00f3n","breadcrumb":{"@id":"https:\/\/fotograficus.com\/contacte\/#breadcrumb"},"inLanguage":"es","potentialAction":[{"@type":"ReadAction","target":["https:\/\/fotograficus.com\/contacte\/"]}]},{"@type":"BreadcrumbList","@id":"https:\/\/fotograficus.com\/contacte\/#breadcrumb","itemListElement":[{"@type":"ListItem","position":1,"name":"Inici","item":"https:\/\/fotograficus.com\/es\/"},{"@type":"ListItem","position":2,"name":"Contacto"}]},{"@type":"WebSite","@id":"https:\/\/fotograficus.com\/#website","url":"https:\/\/fotograficus.com\/","name":"FOTOGRAFICUS","description":"Fotograf\u00eda i dise\u00f1o web","potentialAction":[{"@type":"SearchAction","target":{"@type":"EntryPoint","urlTemplate":"https:\/\/fotograficus.com\/?s={search_term_string}"},"query-input":{"@type":"PropertyValueSpecification","valueRequired":true,"valueName":"search_term_string"}}],"inLanguage":"es"}]}},"_links":{"self":[{"href":"https:\/\/fotograficus.com\/es\/wp-json\/wp\/v2\/pages\/4307","targetHints":{"allow":["GET"]}}],"collection":[{"href":"https:\/\/fotograficus.com\/es\/wp-json\/wp\/v2\/pages"}],"about":[{"href":"https:\/\/fotograficus.com\/es\/wp-json\/wp\/v2\/types\/page"}],"author":[{"embeddable":true,"href":"https:\/\/fotograficus.com\/es\/wp-json\/wp\/v2\/users\/1"}],"replies":[{"embeddable":true,"href":"https:\/\/fotograficus.com\/es\/wp-json\/wp\/v2\/comments?post=4307"}],"version-history":[{"count":5,"href":"https:\/\/fotograficus.com\/es\/wp-json\/wp\/v2\/pages\/4307\/revisions"}],"predecessor-version":[{"id":4312,"href":"https:\/\/fotograficus.com\/es\/wp-json\/wp\/v2\/pages\/4307\/revisions\/4312"}],"wp:attachment":[{"href":"https:\/\/fotograficus.com\/es\/wp-json\/wp\/v2\/media?parent=4307"}],"curies":[{"name":"wp","href":"https:\/\/api.w.org\/{rel}","templated":true}]}}