{"id":4328,"date":"2018-10-19T09:45:05","date_gmt":"2018-10-19T09:45:05","guid":{"rendered":"https:\/\/fotograficus.com\/proteccion-de-datos\/"},"modified":"2022-10-28T15:10:19","modified_gmt":"2022-10-28T15:10:19","slug":"proteccion-de-datos","status":"publish","type":"page","link":"https:\/\/fotograficus.com\/es\/proteccion-de-datos\/","title":{"rendered":"Protecci\u00f3n de datos"},"content":{"rendered":"\n<style type=\"text\/css\" data-created_by=\"avia_inline_auto\" id=\"style-css-av-63x5c6-24ffbeb52785853941a365c296de3776\">\n.flex_column.av-63x5c6-24ffbeb52785853941a365c296de3776{\nborder-radius:0px 0px 0px 0px;\npadding:0px 0px 0px 0px;\n}\n<\/style>\n<div  class='flex_column av-63x5c6-24ffbeb52785853941a365c296de3776 av_one_fifth  avia-builder-el-0  el_before_av_three_fifth  avia-builder-el-first  first flex_column_div av-zero-column-padding  '     ><\/div>\n\n<style type=\"text\/css\" data-created_by=\"avia_inline_auto\" id=\"style-css-av-3r6b3a-9d06ef39aa6b56165a356deeaee741e8\">\n.flex_column.av-3r6b3a-9d06ef39aa6b56165a356deeaee741e8{\nborder-radius:0px 0px 0px 0px;\npadding:0px 0px 0px 0px;\n}\n<\/style>\n<div  class='flex_column av-3r6b3a-9d06ef39aa6b56165a356deeaee741e8 av_three_fifth  avia-builder-el-1  el_after_av_one_fifth  el_before_av_one_fifth  flex_column_div av-zero-column-padding  '     ><section  class='av_textblock_section av-b15sc-4112b7560acf8098d2bdee6ffa42e866 '   itemscope=\"itemscope\" itemtype=\"https:\/\/schema.org\/CreativeWork\" ><div class='avia_textblock'  itemprop=\"text\" ><p>Protecci\u00f3n de datos<\/p>\n<p>Fotograficus cumple con las directrices de la Ley Org\u00e1nica 15\/1999, de 13 de diciembre, de protecci\u00f3n de datos de car\u00e1cter personal, el Real Decreto 1720\/2007, de 21 de diciembre, por el que se aprueba el Reglamento de desarrollo de la Ley Org\u00e1nica y otra normativa vigente en cada momento, y vela por garantizar un correcto uso y tratamiento de los datos personales del usuario. Por eso, con cada formulario de recaudaci\u00f3n de datos de car\u00e1cter personal, en los servicios que el usuario pueda solicitar a Kannay, de hacer saber al usuario de la existencia y aceptaci\u00f3n de las condiciones particulares del tratamiento de sus datos en cada caso, informando de la responsabilidad del fichero creado, la direcci\u00f3n del responsable, la posibilidad de ejercitar sus derechos de acceso, rectificaci\u00f3n, cancelaci\u00f3n u oposici\u00f3n, la finalidad del tratamiento y las comunicaciones de datos a terceros si es el caso. Asimismo, Kannay informa que da cumplimiento a la Ley 34\/2002, de 11 de julio, de Servicios de la Sociedad de la Informaci\u00f3n y del Comercio Electr\u00f3nico y solicitar\u00e1 su consentimiento al tratamiento de su correo electr\u00f3nico con fines comerciales en cada momento.<\/p>\n<p>Mediante esta web se recogen datos de car\u00e1cter personal necesarios para la gesti\u00f3n y el mantenimiento de algunos de nuestros servicios.<\/p>\n<p>Sin perjuicio de las finalidades que en cada caso se indiquen, esta informaci\u00f3n ser\u00e1 guardada y gestionada con total confidencialidad, aplicando las medidas de seguridad inform\u00e1tica que establece la legislaci\u00f3n aplicable para impedir el acceso o uso indebido de sus datos, su manipulaci\u00f3n , deterioro o p\u00e9rdida .<\/p>\n<p>En cualquier momento usted podr\u00e1 ejercer sus derechos de acceso, rectificaci\u00f3n o cancelaci\u00f3n en relaci\u00f3n con estos datos, dirigiendo su solicitud a la direcci\u00f3n del titular de los ficheros: Xavier Sanfulgencio, enviando un correo electr\u00f3nico a inf@fotograficus .com adjuntando una copia de su DNI. Puede encontrar formularios para el ejercicio de sus derechos en la web de la Agencia de Protecci\u00f3n de Datos (www.agpd.es).<\/p>\n<\/div><\/section><\/div>\n<style type=\"text\/css\" data-created_by=\"avia_inline_auto\" id=\"style-css-av-36zxee-c2a95e15bf145c89da07062684a53aaa\">\n.flex_column.av-36zxee-c2a95e15bf145c89da07062684a53aaa{\nborder-radius:0px 0px 0px 0px;\npadding:0px 0px 0px 0px;\n}\n<\/style>\n<div  class='flex_column av-36zxee-c2a95e15bf145c89da07062684a53aaa av_one_fifth  avia-builder-el-3  el_after_av_three_fifth  avia-builder-el-last  flex_column_div av-zero-column-padding  '     ><\/div><\/p>\n","protected":false},"excerpt":{"rendered":"","protected":false},"author":1,"featured_media":0,"parent":0,"menu_order":0,"comment_status":"closed","ping_status":"closed","template":"","meta":{"footnotes":""},"class_list":["post-4328","page","type-page","status-publish","hentry"],"yoast_head":"<!-- This site is optimized with the Yoast SEO Premium plugin v22.8 (Yoast SEO v27.2) - https:\/\/yoast.com\/product\/yoast-seo-premium-wordpress\/ -->\n<title>Protecci\u00f3n de datos - FOTOGRAFICUS<\/title>\n<meta name=\"robots\" content=\"index, follow, max-snippet:-1, max-image-preview:large, max-video-preview:-1\" \/>\n<link rel=\"canonical\" href=\"https:\/\/fotograficus.com\/proteccio-de-dades\/\" \/>\n<meta property=\"og:locale\" content=\"es_ES\" \/>\n<meta property=\"og:type\" content=\"article\" \/>\n<meta property=\"og:title\" content=\"Protecci\u00f3n de datos\" \/>\n<meta property=\"og:url\" content=\"https:\/\/fotograficus.com\/proteccio-de-dades\/\" \/>\n<meta property=\"og:site_name\" content=\"FOTOGRAFICUS\" \/>\n<meta property=\"article:publisher\" content=\"https:\/\/www.facebook.com\/fotograficus\" \/>\n<meta property=\"article:modified_time\" content=\"2022-10-28T15:10:19+00:00\" \/>\n<meta name=\"twitter:card\" content=\"summary_large_image\" \/>\n<meta name=\"twitter:site\" content=\"@XFotograficus\" \/>\n<meta name=\"twitter:label1\" content=\"Tiempo de lectura\" \/>\n\t<meta name=\"twitter:data1\" content=\"3 minutos\" \/>\n<script type=\"application\/ld+json\" class=\"yoast-schema-graph\">{\"@context\":\"https:\/\/schema.org\",\"@graph\":[{\"@type\":\"WebPage\",\"@id\":\"https:\/\/fotograficus.com\/proteccio-de-dades\/\",\"url\":\"https:\/\/fotograficus.com\/proteccio-de-dades\/\",\"name\":\"Protecci\u00f3n de datos - FOTOGRAFICUS\",\"isPartOf\":{\"@id\":\"https:\/\/fotograficus.com\/#website\"},\"datePublished\":\"2018-10-19T09:45:05+00:00\",\"dateModified\":\"2022-10-28T15:10:19+00:00\",\"breadcrumb\":{\"@id\":\"https:\/\/fotograficus.com\/proteccio-de-dades\/#breadcrumb\"},\"inLanguage\":\"es\",\"potentialAction\":[{\"@type\":\"ReadAction\",\"target\":[\"https:\/\/fotograficus.com\/proteccio-de-dades\/\"]}]},{\"@type\":\"BreadcrumbList\",\"@id\":\"https:\/\/fotograficus.com\/proteccio-de-dades\/#breadcrumb\",\"itemListElement\":[{\"@type\":\"ListItem\",\"position\":1,\"name\":\"Inici\",\"item\":\"https:\/\/fotograficus.com\/es\/\"},{\"@type\":\"ListItem\",\"position\":2,\"name\":\"Protecci\u00f3n de datos\"}]},{\"@type\":\"WebSite\",\"@id\":\"https:\/\/fotograficus.com\/#website\",\"url\":\"https:\/\/fotograficus.com\/\",\"name\":\"FOTOGRAFICUS\",\"description\":\"Fotograf\u00eda i dise\u00f1o web\",\"potentialAction\":[{\"@type\":\"SearchAction\",\"target\":{\"@type\":\"EntryPoint\",\"urlTemplate\":\"https:\/\/fotograficus.com\/?s={search_term_string}\"},\"query-input\":{\"@type\":\"PropertyValueSpecification\",\"valueRequired\":true,\"valueName\":\"search_term_string\"}}],\"inLanguage\":\"es\"}]}<\/script>\n<!-- \/ Yoast SEO Premium plugin. -->","yoast_head_json":{"title":"Protecci\u00f3n de datos - FOTOGRAFICUS","robots":{"index":"index","follow":"follow","max-snippet":"max-snippet:-1","max-image-preview":"max-image-preview:large","max-video-preview":"max-video-preview:-1"},"canonical":"https:\/\/fotograficus.com\/proteccio-de-dades\/","og_locale":"es_ES","og_type":"article","og_title":"Protecci\u00f3n de datos","og_url":"https:\/\/fotograficus.com\/proteccio-de-dades\/","og_site_name":"FOTOGRAFICUS","article_publisher":"https:\/\/www.facebook.com\/fotograficus","article_modified_time":"2022-10-28T15:10:19+00:00","twitter_card":"summary_large_image","twitter_site":"@XFotograficus","twitter_misc":{"Tiempo de lectura":"3 minutos"},"schema":{"@context":"https:\/\/schema.org","@graph":[{"@type":"WebPage","@id":"https:\/\/fotograficus.com\/proteccio-de-dades\/","url":"https:\/\/fotograficus.com\/proteccio-de-dades\/","name":"Protecci\u00f3n de datos - FOTOGRAFICUS","isPartOf":{"@id":"https:\/\/fotograficus.com\/#website"},"datePublished":"2018-10-19T09:45:05+00:00","dateModified":"2022-10-28T15:10:19+00:00","breadcrumb":{"@id":"https:\/\/fotograficus.com\/proteccio-de-dades\/#breadcrumb"},"inLanguage":"es","potentialAction":[{"@type":"ReadAction","target":["https:\/\/fotograficus.com\/proteccio-de-dades\/"]}]},{"@type":"BreadcrumbList","@id":"https:\/\/fotograficus.com\/proteccio-de-dades\/#breadcrumb","itemListElement":[{"@type":"ListItem","position":1,"name":"Inici","item":"https:\/\/fotograficus.com\/es\/"},{"@type":"ListItem","position":2,"name":"Protecci\u00f3n de datos"}]},{"@type":"WebSite","@id":"https:\/\/fotograficus.com\/#website","url":"https:\/\/fotograficus.com\/","name":"FOTOGRAFICUS","description":"Fotograf\u00eda i dise\u00f1o web","potentialAction":[{"@type":"SearchAction","target":{"@type":"EntryPoint","urlTemplate":"https:\/\/fotograficus.com\/?s={search_term_string}"},"query-input":{"@type":"PropertyValueSpecification","valueRequired":true,"valueName":"search_term_string"}}],"inLanguage":"es"}]}},"_links":{"self":[{"href":"https:\/\/fotograficus.com\/es\/wp-json\/wp\/v2\/pages\/4328","targetHints":{"allow":["GET"]}}],"collection":[{"href":"https:\/\/fotograficus.com\/es\/wp-json\/wp\/v2\/pages"}],"about":[{"href":"https:\/\/fotograficus.com\/es\/wp-json\/wp\/v2\/types\/page"}],"author":[{"embeddable":true,"href":"https:\/\/fotograficus.com\/es\/wp-json\/wp\/v2\/users\/1"}],"replies":[{"embeddable":true,"href":"https:\/\/fotograficus.com\/es\/wp-json\/wp\/v2\/comments?post=4328"}],"version-history":[{"count":2,"href":"https:\/\/fotograficus.com\/es\/wp-json\/wp\/v2\/pages\/4328\/revisions"}],"predecessor-version":[{"id":4330,"href":"https:\/\/fotograficus.com\/es\/wp-json\/wp\/v2\/pages\/4328\/revisions\/4330"}],"wp:attachment":[{"href":"https:\/\/fotograficus.com\/es\/wp-json\/wp\/v2\/media?parent=4328"}],"curies":[{"name":"wp","href":"https:\/\/api.w.org\/{rel}","templated":true}]}}